{"id":676,"date":"2014-05-30T12:07:14","date_gmt":"2014-05-30T09:07:14","guid":{"rendered":"http:\/\/wpresidence.net\/?page_id=676"},"modified":"2022-11-30T14:18:41","modified_gmt":"2022-11-30T12:18:41","slug":"apie-mus","status":"publish","type":"page","link":"https:\/\/nekturgroup.lt\/en\/apie-mus\/","title":{"rendered":"About us"},"content":{"rendered":"<div data-elementor-type=\"wp-page\" data-elementor-id=\"676\" class=\"elementor elementor-676\">\n\t\t\t\t\t\t\t\t\t<section class=\"elementor-section elementor-top-section elementor-element elementor-element-6b6f4533 elementor-section-boxed elementor-section-height-default elementor-section-height-default\" data-id=\"6b6f4533\" data-element_type=\"section\">\n\t\t\t\t\t\t<div class=\"elementor-container elementor-column-gap-default\">\n\t\t\t\t\t<div class=\"elementor-column elementor-col-50 elementor-top-column elementor-element elementor-element-430da8fe\" data-id=\"430da8fe\" data-element_type=\"column\">\n\t\t\t<div class=\"elementor-widget-wrap elementor-element-populated\">\n\t\t\t\t\t\t\t\t<div class=\"elementor-element elementor-element-46b627e7 elementor-widget elementor-widget-text-editor\" data-id=\"46b627e7\" data-element_type=\"widget\" data-widget_type=\"text-editor.default\">\n\t\t\t\t<div class=\"elementor-widget-container\">\n\t\t\t<style>\/*! elementor - v3.18.0 - 04-12-2023 *\/\n.elementor-widget-text-editor.elementor-drop-cap-view-stacked .elementor-drop-cap{background-color:#69727d;color:#fff}.elementor-widget-text-editor.elementor-drop-cap-view-framed .elementor-drop-cap{color:#69727d;border:3px solid;background-color:transparent}.elementor-widget-text-editor:not(.elementor-drop-cap-view-default) .elementor-drop-cap{margin-top:8px}.elementor-widget-text-editor:not(.elementor-drop-cap-view-default) .elementor-drop-cap-letter{width:1em;height:1em}.elementor-widget-text-editor .elementor-drop-cap{float:left;text-align:center;line-height:1;font-size:50px}.elementor-widget-text-editor .elementor-drop-cap-letter{display:inline-block}<\/style>\t\t\t\t<!-- wp:paragraph -->\n<p>The company started its operations in the spring of 2009. We have been operating for seven years in a company that is an unsurpassed leader in Europe, the USA, and many other real estate markets in the world. Working in a leading company has provided us with invaluable experience, which we will be able to share with our clients as a separate real estate agency.<\/p>\n<!-- \/wp:paragraph -->\t\t\t\t\t\t<\/div>\n\t\t\t\t<\/div>\n\t\t\t\t<div class=\"elementor-element elementor-element-cc8f91f elementor-widget elementor-widget-text-editor\" data-id=\"cc8f91f\" data-element_type=\"widget\" data-widget_type=\"text-editor.default\">\n\t\t\t\t<div class=\"elementor-widget-container\">\n\t\t\t\t\t\t\t<!-- wp:paragraph -->\n<p><strong>UAB \u201cNekTur\u201d<\/strong>\u00a0real estate group - a real estate agency that provides high-quality and professional real estate services in the city of Naujos Akmene, Akmene district, and throughout the Republic of Lithuania. The company's employees focus on the highest quality real estate services, which help clients save time and do not cause additional worries in the real estate buying and selling process.<\/p>\n<p>The company's office is located in the most attractive place in the city of Naujos Akmen\u0117, L. Petravi\u010dius Square, on the first floor of the building.<\/p>\n<!-- \/wp:paragraph -->\t\t\t\t\t\t<\/div>\n\t\t\t\t<\/div>\n\t\t\t\t<div class=\"elementor-element elementor-element-62d14e0 elementor-widget elementor-widget-text-editor\" data-id=\"62d14e0\" data-element_type=\"widget\" data-widget_type=\"text-editor.default\">\n\t\t\t\t<div class=\"elementor-widget-container\">\n\t\t\t\t\t\t\t<!-- wp:paragraph -->\n<div class=\"wpb_text_column wpb_content_element\">\n<div class=\"wpb_wrapper\">\n<div class=\"left\">\n<p>Various institutions and organizations are located in the building:<\/p>\n<ul>\n<li class=\"translation-block\">UAB NEKTUR REAL ESTATE GROUP<\/li>\n<li>Credit Union<\/li>\n<li>Shopping center<\/li>\n<li>Furniture showroom and other companies.<\/li>\n<\/ul>\n<p>Contact us and we will take care of your real estate and provide detailed information about the real estate market, prices and the current situation.<\/p>\n<div class=\"wpb_text_column wpb_content_element\">\n<div class=\"wpb_wrapper\">\n<p><strong>PURCHASE. SALE. MEDIATION<\/strong><br \/>These three terms briefly describe the real estate services we provide to you.<\/p>\n<\/div>\n<\/div>\n<div class=\"wpb_text_column wpb_content_element\">\n<div class=\"wpb_wrapper\">\n<div class=\"right\">\n<p><strong>WANT TO SELL YOUR APARTMENT, PLOT OF LAND, FOREST OR FARMHOUSE?<\/strong><\/p>\n<p>CONTACT US FIRST - WE WILL CONSIDER YOUR OFFER AND BUY YOUR PROPERTY ON FAVORABLE TERMS.<\/p>\n<\/div>\n<\/div>\n<\/div>\n<\/div>\n<\/div>\n<\/div>\n<div class=\"wpb_text_column wpb_content_element\">\n<div class=\"wpb_wrapper\">\u00a0<\/div>\n<\/div>\n<!-- \/wp:paragraph -->\t\t\t\t\t\t<\/div>\n\t\t\t\t<\/div>\n\t\t\t\t\t<\/div>\n\t\t<\/div>\n\t\t\t\t<div class=\"elementor-column elementor-col-50 elementor-top-column elementor-element elementor-element-7f230b0\" data-id=\"7f230b0\" data-element_type=\"column\">\n\t\t\t<div class=\"elementor-widget-wrap elementor-element-populated\">\n\t\t\t\t\t\t\t\t<div class=\"elementor-element elementor-element-44db924 elementor-widget elementor-widget-media-carousel\" data-id=\"44db924\" data-element_type=\"widget\" data-widget_type=\"media-carousel.default\">\n\t\t\t\t<div class=\"elementor-widget-container\">\n\t\t\t \t\t<\/div>\n\t\t\t\t<\/div>\n\t\t\t\t<div class=\"elementor-element elementor-element-657e3f5 elementor-widget elementor-widget-toggle\" data-id=\"657e3f5\" data-element_type=\"widget\" data-widget_type=\"toggle.default\">\n\t\t\t\t<div class=\"elementor-widget-container\">\n\t\t\t<style>\/*! elementor - v3.18.0 - 04-12-2023 *\/\n.elementor-toggle{text-align:left}.elementor-toggle .elementor-tab-title{font-weight:700;line-height:1;margin:0;padding:15px;border-bottom:1px solid #d5d8dc;cursor:pointer;outline:none}.elementor-toggle .elementor-tab-title .elementor-toggle-icon{display:inline-block;width:1em}.elementor-toggle .elementor-tab-title .elementor-toggle-icon svg{margin-inline-start:-5px;width:1em;height:1em}.elementor-toggle .elementor-tab-title .elementor-toggle-icon.elementor-toggle-icon-right{float:right;text-align:right}.elementor-toggle .elementor-tab-title .elementor-toggle-icon.elementor-toggle-icon-left{float:left;text-align:left}.elementor-toggle .elementor-tab-title .elementor-toggle-icon .elementor-toggle-icon-closed{display:block}.elementor-toggle .elementor-tab-title .elementor-toggle-icon .elementor-toggle-icon-opened{display:none}.elementor-toggle .elementor-tab-title.elementor-active{border-bottom:none}.elementor-toggle .elementor-tab-title.elementor-active .elementor-toggle-icon-closed{display:none}.elementor-toggle .elementor-tab-title.elementor-active .elementor-toggle-icon-opened{display:block}.elementor-toggle .elementor-tab-content{padding:15px;border-bottom:1px solid #d5d8dc;display:none}@media (max-width:767px){.elementor-toggle .elementor-tab-title{padding:12px}.elementor-toggle .elementor-tab-content{padding:12px 10px}}.e-con-inner>.elementor-widget-toggle,.e-con>.elementor-widget-toggle{width:var(--container-widget-width);--flex-grow:var(--container-widget-flex-grow)}<\/style>\t\t<div class=\"elementor-toggle\">\n\t\t\t\t\t\t\t<div class=\"elementor-toggle-item\">\n\t\t\t\t\t<div id=\"elementor-tab-title-1061\" class=\"elementor-tab-title\" data-tab=\"1\" role=\"button\" aria-controls=\"elementor-tab-content-1061\" aria-expanded=\"false\">\n\t\t\t\t\t\t\t\t\t\t\t\t<span class=\"elementor-toggle-icon elementor-toggle-icon-left\" aria-hidden=\"true\">\n\t\t\t\t\t\t\t\t\t\t\t\t\t\t\t<span class=\"elementor-toggle-icon-closed\"><i class=\"fas fa-caret-right\"><\/i><\/span>\n\t\t\t\t\t\t\t\t<span class=\"elementor-toggle-icon-opened\"><i class=\"elementor-toggle-icon-opened fas fa-caret-up\"><\/i><\/span>\n\t\t\t\t\t\t\t\t\t\t\t\t\t<\/span>\n\t\t\t\t\t\t\t\t\t\t\t\t<a class=\"elementor-toggle-title\" tabindex=\"0\">Who are we?<\/a>\n\t\t\t\t\t<\/div>\n\n\t\t\t\t\t<div id=\"elementor-tab-content-1061\" class=\"elementor-tab-content elementor-clearfix\" data-tab=\"1\" role=\"region\" aria-labelledby=\"elementor-tab-title-1061\"><p>We help sell apartments, houses, homesteads, gardens, premises, plots and other real estate in Naujoja Akmene, Akmene district throughout Lithuania.<br \/>\u2022 We mediate in buying and selling real estate.<br \/>\u2022 We administer the placement of advertisements on the Internet, in print and elsewhere.<br \/>\u2022 We use all possible means to advertise your objects.<br \/>\u2022 We present your objects to potential buyers and provide reports.<br \/>\u2022 We professionally and quickly prepare the necessary documents for a secure transaction.<br \/>\u2022 We represent you in negotiations, thus ensuring the safe execution of the transaction.<br \/>\u2022 Organization of loan specialist, lawyer, notary, property appraiser and other services related to the sale of your real estate.<br \/>\u2022 We advise you on real estate issues free of charge.<\/p><\/div>\n\t\t\t\t<\/div>\n\t\t\t\t\t\t\t<div class=\"elementor-toggle-item\">\n\t\t\t\t\t<div id=\"elementor-tab-title-1062\" class=\"elementor-tab-title\" data-tab=\"2\" role=\"button\" aria-controls=\"elementor-tab-content-1062\" aria-expanded=\"false\">\n\t\t\t\t\t\t\t\t\t\t\t\t<span class=\"elementor-toggle-icon elementor-toggle-icon-left\" aria-hidden=\"true\">\n\t\t\t\t\t\t\t\t\t\t\t\t\t\t\t<span class=\"elementor-toggle-icon-closed\"><i class=\"fas fa-caret-right\"><\/i><\/span>\n\t\t\t\t\t\t\t\t<span class=\"elementor-toggle-icon-opened\"><i class=\"elementor-toggle-icon-opened fas fa-caret-up\"><\/i><\/span>\n\t\t\t\t\t\t\t\t\t\t\t\t\t<\/span>\n\t\t\t\t\t\t\t\t\t\t\t\t<a class=\"elementor-toggle-title\" tabindex=\"0\">How can we help you?<\/a>\n\t\t\t\t\t<\/div>\n\n\t\t\t\t\t<div id=\"elementor-tab-content-1062\" class=\"elementor-tab-content elementor-clearfix\" data-tab=\"2\" role=\"region\" aria-labelledby=\"elementor-tab-title-1062\"><p>It doesn't matter what kind of real estate you are looking for in the Akmene area, NekTur Real Estate Group will facilitate your search.<\/p>\n<p>By using the possibilities of our website and the amount of ads, you will easily find the object you are interested in. If you need our help, please contact us in a convenient way.<\/p>\n<p>We offer our clients the benefit of our accumulated experience in real estate buying and selling processes. Contact us and we will help you sell or buy any real estate in Akmene district.<\/p><\/div>\n\t\t\t\t<\/div>\n\t\t\t\t\t\t\t\t<\/div>\n\t\t\t\t<\/div>\n\t\t\t\t<\/div>\n\t\t\t\t\t<\/div>\n\t\t<\/div>\n\t\t\t\t\t\t\t<\/div>\n\t\t<\/section>\n\t\t\t\t<section class=\"elementor-section elementor-top-section elementor-element elementor-element-9c90dda elementor-section-boxed elementor-section-height-default elementor-section-height-default\" data-id=\"9c90dda\" data-element_type=\"section\">\n\t\t\t\t\t\t<div class=\"elementor-container elementor-column-gap-default\">\n\t\t\t\t\t<div class=\"elementor-column elementor-col-100 elementor-top-column elementor-element elementor-element-132bada\" data-id=\"132bada\" data-element_type=\"column\">\n\t\t\t<div class=\"elementor-widget-wrap elementor-element-populated\">\n\t\t\t\t\t\t\t\t<div class=\"elementor-element elementor-element-668c7be elementor-widget elementor-widget-heading\" data-id=\"668c7be\" data-element_type=\"widget\" data-widget_type=\"heading.default\">\n\t\t\t\t<div class=\"elementor-widget-container\">\n\t\t\t<style>\/*! elementor - v3.18.0 - 04-12-2023 *\/\n.elementor-heading-title{padding:0;margin:0;line-height:1}.elementor-widget-heading .elementor-heading-title[class*=elementor-size-]>a{color:inherit;font-size:inherit;line-height:inherit}.elementor-widget-heading .elementor-heading-title.elementor-size-small{font-size:15px}.elementor-widget-heading .elementor-heading-title.elementor-size-medium{font-size:19px}.elementor-widget-heading .elementor-heading-title.elementor-size-large{font-size:29px}.elementor-widget-heading .elementor-heading-title.elementor-size-xl{font-size:39px}.elementor-widget-heading .elementor-heading-title.elementor-size-xxl{font-size:59px}<\/style><h2 class=\"elementor-heading-title elementor-size-default\">Our real estate brokers<\/h2>\t\t<\/div>\n\t\t\t\t<\/div>\n\t\t\t\t\t<\/div>\n\t\t<\/div>\n\t\t\t\t\t\t\t<\/div>\n\t\t<\/section>\n\t\t\t\t\t\t\t<\/div>","protected":false},"excerpt":{"rendered":"<p>\u012emon\u0117 veikl\u0105 prad\u0117jo 2009 met\u0173 pavasar\u012f. Septynis metus veik\u0117me kompanijoje, kuri yra nepralenkiama lyder\u0117 Europoje, JAV, bei daugelyje kit\u0173 nekilnojamojo turto rink\u0173 pasaulyje. Darbas kompanijoje \u2013 lyder\u0117je suteik\u0117 ne\u012fkainojamos patirties, kuria, veikdami kaip atskira nekilnojamojo turto agent\u016bra gal\u0117sime pasidalinti su savo klientais. UAB \u201cNekTur\u201d\u00a0nekilnojamojo turto grup\u0117 \u2013 nekilnojamojo turto agent\u016bra, teikianti kokybi\u0161kas, bei profesionalias nekilnojamojo turto paslaugas Naujosios Akmen\u0117s mieste, Akmen\u0117s rajone, bei visoje &#8230;<\/p>","protected":false},"author":1,"featured_media":0,"parent":0,"menu_order":0,"comment_status":"open","ping_status":"closed","template":"agents_list.php","meta":{"inline_featured_image":false,"footnotes":""},"class_list":["post-676","page","type-page","status-publish","hentry"],"_links":{"self":[{"href":"https:\/\/nekturgroup.lt\/en\/wp-json\/wp\/v2\/pages\/676","targetHints":{"allow":["GET"]}}],"collection":[{"href":"https:\/\/nekturgroup.lt\/en\/wp-json\/wp\/v2\/pages"}],"about":[{"href":"https:\/\/nekturgroup.lt\/en\/wp-json\/wp\/v2\/types\/page"}],"author":[{"embeddable":true,"href":"https:\/\/nekturgroup.lt\/en\/wp-json\/wp\/v2\/users\/1"}],"replies":[{"embeddable":true,"href":"https:\/\/nekturgroup.lt\/en\/wp-json\/wp\/v2\/comments?post=676"}],"version-history":[{"count":59,"href":"https:\/\/nekturgroup.lt\/en\/wp-json\/wp\/v2\/pages\/676\/revisions"}],"predecessor-version":[{"id":19990,"href":"https:\/\/nekturgroup.lt\/en\/wp-json\/wp\/v2\/pages\/676\/revisions\/19990"}],"wp:attachment":[{"href":"https:\/\/nekturgroup.lt\/en\/wp-json\/wp\/v2\/media?parent=676"}],"curies":[{"name":"wp","href":"https:\/\/api.w.org\/{rel}","templated":true}]}}